{"id":1368,"date":"2023-04-25T22:47:52","date_gmt":"2023-04-25T20:47:52","guid":{"rendered":"https:\/\/vinderensport.no\/?page_id=1368"},"modified":"2023-05-09T13:55:44","modified_gmt":"2023-05-09T11:55:44","slug":"hvem-er-vi-2","status":"publish","type":"page","link":"https:\/\/vinderensport.no\/?page_id=1368","title":{"rendered":"HVEM ER VI?"},"content":{"rendered":"\n<p>Vinderen Sport har, som vi liker \u00e5 si &laquo;v\u00e6rt her i alle evigheter&raquo;! Det stemmer ikke helt, selv om det f\u00f8les s\u00e5nn. Butikken ble \u00e5pnet av Johansen 17.desemer 1961. Vi er veldig stolte over \u00e5 ha holdt liv i butikken i over 60 \u00e5r!! Det har v\u00e6rt mulig blant annet p\u00e5 grunn av  alle flotte og fantastiske kunder. Vareutvalget har endret seg litt gjennom tidene, men f\u00f8rst og fremst skal vi v\u00e6re den lille lokale sportsbutikken p\u00e5 hj\u00f8rnet.<\/p>\n\n\n\n<p>Butikken er n\u00e5 delvis eiet av en annen sportsbutikk-familie, enn de som i sin tid startet opp, nemlig Laurendz-familien som startet Torshov Sport i 1935.<\/p>\n\n\n\n<p>I dag drives butikken av Kristine Bartnes, med hjelp av en flott stab!<\/p>\n\n\n\n<p>Vi har de siste \u00e5rene utviklet en stor og fin tennisavdeling som vi er veldig stolte av, med de fremste tennismerkene. Vinterstid finner du ogs\u00e5 alpint og langrenn hos oss, med mange flotte merker!<\/p>\n\n\n\n<p><\/p>\n","protected":false},"excerpt":{"rendered":"<p>Vinderen Sport har, som vi liker \u00e5 si &laquo;v\u00e6rt her i alle evigheter&raquo;! Det stemmer ikke helt, selv om det f\u00f8les s\u00e5nn. Butikken ble \u00e5pnet av Johansen 17.desemer 1961. Vi er veldig stolte over \u00e5 ha holdt liv i butikken i over 60 \u00e5r!! Det har v\u00e6rt mulig blant annet p\u00e5 grunn av alle flotte<span class=\"post-excerpt-end\">&hellip;<\/span><\/p>\n<p class=\"more-link\"><a href=\"https:\/\/vinderensport.no\/?page_id=1368\" class=\"themebutton\">Read More<\/a><\/p>\n","protected":false},"author":1,"featured_media":0,"parent":0,"menu_order":0,"comment_status":"closed","ping_status":"closed","template":"","meta":{"footnotes":""},"class_list":["post-1368","page","type-page","status-publish","hentry"],"_links":{"self":[{"href":"https:\/\/vinderensport.no\/index.php?rest_route=\/wp\/v2\/pages\/1368","targetHints":{"allow":["GET"]}}],"collection":[{"href":"https:\/\/vinderensport.no\/index.php?rest_route=\/wp\/v2\/pages"}],"about":[{"href":"https:\/\/vinderensport.no\/index.php?rest_route=\/wp\/v2\/types\/page"}],"author":[{"embeddable":true,"href":"https:\/\/vinderensport.no\/index.php?rest_route=\/wp\/v2\/users\/1"}],"replies":[{"embeddable":true,"href":"https:\/\/vinderensport.no\/index.php?rest_route=%2Fwp%2Fv2%2Fcomments&post=1368"}],"version-history":[{"count":4,"href":"https:\/\/vinderensport.no\/index.php?rest_route=\/wp\/v2\/pages\/1368\/revisions"}],"predecessor-version":[{"id":1391,"href":"https:\/\/vinderensport.no\/index.php?rest_route=\/wp\/v2\/pages\/1368\/revisions\/1391"}],"wp:attachment":[{"href":"https:\/\/vinderensport.no\/index.php?rest_route=%2Fwp%2Fv2%2Fmedia&parent=1368"}],"curies":[{"name":"wp","href":"https:\/\/api.w.org\/{rel}","templated":true}]}}