{"id":1339,"date":"2023-04-25T22:04:40","date_gmt":"2023-04-25T20:04:40","guid":{"rendered":"https:\/\/vinderensport.no\/?page_id=1339"},"modified":"2023-05-09T14:43:20","modified_gmt":"2023-05-09T12:43:20","slug":"tennis-6","status":"publish","type":"page","link":"https:\/\/vinderensport.no\/?page_id=1339","title":{"rendered":"TENNIS"},"content":{"rendered":"\n<figure class=\"wp-block-image size-large\"><a href=\"https:\/\/vinderensport.no\/wp-content\/uploads\/Skjermbilde-2023-01-12-kl.-17.04.21.png\"><img loading=\"lazy\" decoding=\"async\" width=\"1024\" height=\"426\" src=\"https:\/\/vinderensport.no\/wp-content\/uploads\/Skjermbilde-2023-01-12-kl.-17.04.21-1024x426.png\" alt=\"\" class=\"wp-image-1235\" srcset=\"https:\/\/vinderensport.no\/wp-content\/uploads\/Skjermbilde-2023-01-12-kl.-17.04.21-1024x426.png 1024w, https:\/\/vinderensport.no\/wp-content\/uploads\/Skjermbilde-2023-01-12-kl.-17.04.21-300x124.png 300w, https:\/\/vinderensport.no\/wp-content\/uploads\/Skjermbilde-2023-01-12-kl.-17.04.21-170x70.png 170w, https:\/\/vinderensport.no\/wp-content\/uploads\/Skjermbilde-2023-01-12-kl.-17.04.21-284x118.png 284w\" sizes=\"auto, (max-width: 1024px) 100vw, 1024px\" \/><\/a><\/figure>\n\n\n\n<p>Vi fokuserer mye p\u00e5 tennis. Hos oss finner du et bredt utvalg av tennisracketer, tennis sko, tennis kl\u00e6r og annet utstyr en trenger til tennis. Her er en liste med hvilke merker vi f\u00f8rer i de ulike kategoriene \ud83d\ude42<\/p>\n\n\n\n<p><\/p>\n\n\n\n<p>Tennis kl\u00e6r &#8211; Nike, J.Lindeberg, Wilson, Babolat, Moja, Nibbi<\/p>\n\n\n\n<p>Tennis sko &#8211; Asics, Babolat, Wilson, Nike, Adidas <\/p>\n\n\n\n<p>Tennis rackert &#8211; Wilson, Head, Babolat <\/p>\n\n\n\n<p>Tennis sekker\/bagger &#8211; Babolat, Head, Wilson, <\/p>\n\n\n\n<p><\/p>\n\n\n\n<p>Hos oss finner du ogs\u00e5 Holmenkollen Tennis Klubb sine klubb kl\u00e6r. <\/p>\n\n\n\n<p><\/p>\n\n\n\n<p><\/p>\n","protected":false},"excerpt":{"rendered":"<p>Vi fokuserer mye p\u00e5 tennis. Hos oss finner du et bredt utvalg av tennisracketer, tennis sko, tennis kl\u00e6r og annet utstyr en trenger til tennis. Her er en liste med hvilke merker vi f\u00f8rer i de ulike kategoriene \ud83d\ude42 Tennis kl\u00e6r &#8211; Nike, J.Lindeberg, Wilson, Babolat, Moja, Nibbi Tennis sko &#8211; Asics, Babolat, Wilson, Nike,<span class=\"post-excerpt-end\">&hellip;<\/span><\/p>\n<p class=\"more-link\"><a href=\"https:\/\/vinderensport.no\/?page_id=1339\" class=\"themebutton\">Read More<\/a><\/p>\n","protected":false},"author":1,"featured_media":0,"parent":0,"menu_order":0,"comment_status":"closed","ping_status":"closed","template":"","meta":{"footnotes":""},"class_list":["post-1339","page","type-page","status-publish","hentry"],"_links":{"self":[{"href":"https:\/\/vinderensport.no\/index.php?rest_route=\/wp\/v2\/pages\/1339","targetHints":{"allow":["GET"]}}],"collection":[{"href":"https:\/\/vinderensport.no\/index.php?rest_route=\/wp\/v2\/pages"}],"about":[{"href":"https:\/\/vinderensport.no\/index.php?rest_route=\/wp\/v2\/types\/page"}],"author":[{"embeddable":true,"href":"https:\/\/vinderensport.no\/index.php?rest_route=\/wp\/v2\/users\/1"}],"replies":[{"embeddable":true,"href":"https:\/\/vinderensport.no\/index.php?rest_route=%2Fwp%2Fv2%2Fcomments&post=1339"}],"version-history":[{"count":6,"href":"https:\/\/vinderensport.no\/index.php?rest_route=\/wp\/v2\/pages\/1339\/revisions"}],"predecessor-version":[{"id":1406,"href":"https:\/\/vinderensport.no\/index.php?rest_route=\/wp\/v2\/pages\/1339\/revisions\/1406"}],"wp:attachment":[{"href":"https:\/\/vinderensport.no\/index.php?rest_route=%2Fwp%2Fv2%2Fmedia&parent=1339"}],"curies":[{"name":"wp","href":"https:\/\/api.w.org\/{rel}","templated":true}]}}