{"id":1338,"date":"2023-04-25T22:04:40","date_gmt":"2023-04-25T20:04:40","guid":{"rendered":"https:\/\/vinderensport.no\/?page_id=1338"},"modified":"2023-05-09T14:18:42","modified_gmt":"2023-05-09T12:18:42","slug":"merker","status":"publish","type":"page","link":"https:\/\/vinderensport.no\/?page_id=1338","title":{"rendered":"MERKER"},"content":{"rendered":"\n<p>Vi f\u00f8rer en rekke ulike merker, her er en liste med noen av de mest popul\u00e6re merkene vi f\u00f8rer: <\/p>\n\n\n\n<p><\/p>\n\n\n\n<p>Amundsen<\/p>\n\n\n\n<p>Millet<\/p>\n\n\n\n<p>Nike<\/p>\n\n\n\n<p>Under Armour<\/p>\n\n\n\n<p>Capranea<\/p>\n\n\n\n<p>Fusalp<\/p>\n\n\n\n<p>Patagonia<\/p>\n\n\n\n<p>Rossignol<\/p>\n\n\n\n<p><\/p>\n\n\n\n<p><\/p>\n","protected":false},"excerpt":{"rendered":"<p>Vi f\u00f8rer en rekke ulike merker, her er en liste med noen av de mest popul\u00e6re merkene vi f\u00f8rer: Amundsen Millet Nike Under Armour Capranea Fusalp Patagonia Rossignol<\/p>\n","protected":false},"author":1,"featured_media":0,"parent":0,"menu_order":0,"comment_status":"closed","ping_status":"closed","template":"","meta":{"footnotes":""},"class_list":["post-1338","page","type-page","status-publish","hentry"],"_links":{"self":[{"href":"https:\/\/vinderensport.no\/index.php?rest_route=\/wp\/v2\/pages\/1338","targetHints":{"allow":["GET"]}}],"collection":[{"href":"https:\/\/vinderensport.no\/index.php?rest_route=\/wp\/v2\/pages"}],"about":[{"href":"https:\/\/vinderensport.no\/index.php?rest_route=\/wp\/v2\/types\/page"}],"author":[{"embeddable":true,"href":"https:\/\/vinderensport.no\/index.php?rest_route=\/wp\/v2\/users\/1"}],"replies":[{"embeddable":true,"href":"https:\/\/vinderensport.no\/index.php?rest_route=%2Fwp%2Fv2%2Fcomments&post=1338"}],"version-history":[{"count":5,"href":"https:\/\/vinderensport.no\/index.php?rest_route=\/wp\/v2\/pages\/1338\/revisions"}],"predecessor-version":[{"id":1402,"href":"https:\/\/vinderensport.no\/index.php?rest_route=\/wp\/v2\/pages\/1338\/revisions\/1402"}],"wp:attachment":[{"href":"https:\/\/vinderensport.no\/index.php?rest_route=%2Fwp%2Fv2%2Fmedia&parent=1338"}],"curies":[{"name":"wp","href":"https:\/\/api.w.org\/{rel}","templated":true}]}}